{"id":694,"date":"2020-07-13T14:34:27","date_gmt":"2020-07-13T14:34:27","guid":{"rendered":"http:\/\/demos.upperthemes.com\/alma\/onepage2\/?page_id=694"},"modified":"2024-03-11T15:37:33","modified_gmt":"2024-03-11T14:37:33","slug":"contacts","status":"publish","type":"page","link":"https:\/\/www.talentmensch.coach\/","title":{"rendered":"Kontakt"},"content":{"rendered":"<p>[vc_row bg_type=&#8220;image&#8220; parallax_style=&#8220;vcpb-default&#8220; bg_image_new=&#8220;id^1120|url^https:\/\/talentmensch.coach\/wp-content\/uploads\/2021\/04\/AdobeStock_294160181_Preview.jpeg|caption^null|alt^null|title^AdobeStock_294160181_Preview|description^null&#8220; bg_image_repeat=&#8220;no-repeat&#8220; bg_override=&#8220;ex-full&#8220; enable_overlay=&#8220;enable_overlay_value&#8220; overlay_color=&#8220;rgba(58,55,55,0.05)&#8220; css=&#8220;.vc_custom_1619768838989{padding-top: 100px !important;padding-bottom: 100px !important;}&#8220;][vc_column css_animation=&#8220;fadeInUp&#8220;][vc_custom_heading text=&#8220;AKTUELLES &amp; NEWS&#8220; font_container=&#8220;tag:h5|text_align:center|color:__USE_THEME_MAIN_COLOR__&#8220; use_theme_fonts=&#8220;yes&#8220; el_class=&#8220;align-center&#8220;][vc_custom_heading text=&#8220;MEIN BLOG&#8220; font_container=&#8220;tag:h2|text_align:center&#8220; use_theme_fonts=&#8220;yes&#8220; el_class=&#8220;align-center&#8220;][vc_empty_space height=&#8220;45px&#8220;]<div id=\"upper-recent-posts-shortcode-1\" class=\"widget des_recent_posts_widget alma_recent_posts alma-recent-posts without-scroller\"><div class=\"recent-posts-post image \" data-animation=\"animated no-animation\">\t\t\t\t\t\t\t\t<div class=\"featured-image\">\n\t\t\t\t\t\t\t\t\t<a href=\"https:\/\/www.talentmensch.coach\/index.php\/2025\/05\/02\/zwischen-kueste-chaos-und-coco-eine-reise-die-bleibt\/\" title=\"Zwischen K\u00fcste, Chaos und Coco: Eine Reise, die bleibt\">\n\t\t\t\t\t\t\t\t\t\t<img decoding=\"async\" alt=\"Zwischen K\u00fcste, Chaos und Coco: Eine Reise, die bleibt\" src=\"https:\/\/www.talentmensch.coach\/wp-content\/uploads\/2025\/05\/IMG_3294.jpeg\" title=\"Zwischen K\u00fcste, Chaos und Coco: Eine Reise, die bleibt\"\/>\n\t\t\t\t\t\t\t\t\t\t<span class=\"post_overlay\">\n\t\t\t\t\t\t\t\t\t\t\t<i class=\"fa fa-plus\" aria-hidden=\"true\"><\/i>\n\t\t\t\t\t\t\t\t\t\t<\/span>\n\t\t\t\t\t\t\t\t\t<\/a>\n\t\t\t\t\t\t\t\t<\/div>\n\t\t\t\t\t\t\t\t\t\t\t\t\t<div class=\"recentpostsvc\">\n\t\t\t\t\t<div class=\"title\"><a href=\"https:\/\/www.talentmensch.coach\/index.php\/2025\/05\/02\/zwischen-kueste-chaos-und-coco-eine-reise-die-bleibt\/\"><h4>Zwischen K\u00fcste, Chaos und Coco: Eine Reise, die bleibt<\/h4><\/a><\/div>\n\t\t\t\t\t\n\t\t\t\t\t\t\t\t\t\t\t\t<div class=\"excerpt\"><p>Ankommen in Aachen \u2013 und bei Menschen, die man einfach mag Es gibt Reisen, auf die freut man sich lange. Und dann sind sie pl\u00f6tzlich da \u2013 voller Begegnungen, W\u00e4rme, Chaos und Geschichten, die man selbst nicht h\u00e4tte schreiben k\u00f6nnen. Unsere begann in Aachen. Das Auto wurde abgestellt, das Gep\u00e4ck geschultert, der Weg zum Hotel ... <a class=\"blog-read-more\" href=\"https:\/\/www.talentmensch.coach\/index.php\/2025\/05\/02\/zwischen-kueste-chaos-und-coco-eine-reise-die-bleibt\/\">Mehr lesen<\/a>\t\t\t\t\t\t\t<\/p><\/div>\n\t\t\t\t\t\t\t\t\t\t\t<div class=\"metas\">\n\t\t\t\t\t\t<div class=\"date\">\n\t\t\t\t\t\t\t<p>2. Mai 2025<\/p>\n\t\t\t\t\t\t<\/div>\n\t\t\t\t\t\t<div class=\"comments-lovepost\">\n\t\t\t\t\t\t\t<div class=\"comments-count\">\n\t\t\t\t\t\t\t\t<p><i class=\"fa fa-comments-o\"><\/i> 0<\/p>\n\t\t\t\t\t\t\t<\/div>\n\t\t\t\t\t\t<\/div>\n\t\t\t\t\t<\/div>\n\t\t\t\t\t<\/div><\/div><div class=\"recent-posts-post image \" data-animation=\"animated no-animation\">\t\t\t\t\t\t\t\t<div class=\"featured-image\">\n\t\t\t\t\t\t\t\t\t<a href=\"https:\/\/www.talentmensch.coach\/index.php\/2025\/04\/06\/hamburg-du-kannst-geschichten-von-kuessen-croissants-und-kleinen-wundern\/\" title=\"Hamburg, du kannst Geschichten! Von K\u00fcssen, Croissants und kleinen Wundern\">\n\t\t\t\t\t\t\t\t\t\t<img decoding=\"async\" alt=\"Hamburg, du kannst Geschichten! Von K\u00fcssen, Croissants und kleinen Wundern\" src=\"https:\/\/www.talentmensch.coach\/wp-content\/uploads\/2025\/04\/IMG_3275.jpeg\" title=\"Hamburg, du kannst Geschichten! Von K\u00fcssen, Croissants und kleinen Wundern\"\/>\n\t\t\t\t\t\t\t\t\t\t<span class=\"post_overlay\">\n\t\t\t\t\t\t\t\t\t\t\t<i class=\"fa fa-plus\" aria-hidden=\"true\"><\/i>\n\t\t\t\t\t\t\t\t\t\t<\/span>\n\t\t\t\t\t\t\t\t\t<\/a>\n\t\t\t\t\t\t\t\t<\/div>\n\t\t\t\t\t\t\t\t\t\t\t\t\t<div class=\"recentpostsvc\">\n\t\t\t\t\t<div class=\"title\"><a href=\"https:\/\/www.talentmensch.coach\/index.php\/2025\/04\/06\/hamburg-du-kannst-geschichten-von-kuessen-croissants-und-kleinen-wundern\/\"><h4>Hamburg, du kannst Geschichten! Von K\u00fcssen, Croissants und kleinen Wundern<\/h4><\/a><\/div>\n\t\t\t\t\t\n\t\t\t\t\t\t\t\t\t\t\t\t<div class=\"excerpt\"><p>Ich sitze im Zwick, mitten in Hamburg. Ein Ort, der nicht fragt, wer du bist oder was du machst. Hier z\u00e4hlt das Sein. Der Moment. Die Musik, die mit dem Raum tanzt, w\u00e4hrend Stimmen, Lachen und Leben ineinanderflie\u00dfen. An einem Tisch ein Paar \u2013 vermutlich frisch verliebt. Er schaut sie an, als w\u00e4re sie die ... <a class=\"blog-read-more\" href=\"https:\/\/www.talentmensch.coach\/index.php\/2025\/04\/06\/hamburg-du-kannst-geschichten-von-kuessen-croissants-und-kleinen-wundern\/\">Mehr lesen<\/a>\t\t\t\t\t\t\t<\/p><\/div>\n\t\t\t\t\t\t\t\t\t\t\t<div class=\"metas\">\n\t\t\t\t\t\t<div class=\"date\">\n\t\t\t\t\t\t\t<p>6. April 2025<\/p>\n\t\t\t\t\t\t<\/div>\n\t\t\t\t\t\t<div class=\"comments-lovepost\">\n\t\t\t\t\t\t\t<div class=\"comments-count\">\n\t\t\t\t\t\t\t\t<p><i class=\"fa fa-comments-o\"><\/i> 0<\/p>\n\t\t\t\t\t\t\t<\/div>\n\t\t\t\t\t\t<\/div>\n\t\t\t\t\t<\/div>\n\t\t\t\t\t<\/div><\/div><div class=\"recent-posts-post image \" data-animation=\"animated no-animation\">\t\t\t\t\t\t\t\t<div class=\"featured-image\">\n\t\t\t\t\t\t\t\t\t<a href=\"https:\/\/www.talentmensch.coach\/index.php\/2025\/01\/13\/selbstversuch\/\" title=\"Selbstversuch\">\n\t\t\t\t\t\t\t\t\t\t<img decoding=\"async\" alt=\"Selbstversuch\" src=\"https:\/\/www.talentmensch.coach\/wp-content\/uploads\/2025\/01\/CECAAA1E-6BA4-483F-8BF4-C52780B32A26.webp\" title=\"Selbstversuch\"\/>\n\t\t\t\t\t\t\t\t\t\t<span class=\"post_overlay\">\n\t\t\t\t\t\t\t\t\t\t\t<i class=\"fa fa-plus\" aria-hidden=\"true\"><\/i>\n\t\t\t\t\t\t\t\t\t\t<\/span>\n\t\t\t\t\t\t\t\t\t<\/a>\n\t\t\t\t\t\t\t\t<\/div>\n\t\t\t\t\t\t\t\t\t\t\t\t\t<div class=\"recentpostsvc\">\n\t\t\t\t\t<div class=\"title\"><a href=\"https:\/\/www.talentmensch.coach\/index.php\/2025\/01\/13\/selbstversuch\/\"><h4>Selbstversuch<\/h4><\/a><\/div>\n\t\t\t\t\t\n\t\t\t\t\t\t\t\t\t\t\t\t<div class=\"excerpt\"><p>Es begann mit einem einfachen Fehler: Mein Geburtstag war auf Facebook falsch eingetragen. Erst als an einem v\u00f6llig normalen Tag die Gl\u00fcckw\u00fcnsche eintrudelten, bemerkte ich es. Ein unabsichtlicher Fehler \u2013 aber einer, der mir eine interessante Erfahrung bescherte. Der Moment der Aufkl\u00e4rung Zun\u00e4chst war ich \u00fcberrascht \u00fcber die vielen Nachrichten. Ich erkl\u00e4rte den Gratulanten freundlich, ... <a class=\"blog-read-more\" href=\"https:\/\/www.talentmensch.coach\/index.php\/2025\/01\/13\/selbstversuch\/\">Mehr lesen<\/a>\t\t\t\t\t\t\t<\/p><\/div>\n\t\t\t\t\t\t\t\t\t\t\t<div class=\"metas\">\n\t\t\t\t\t\t<div class=\"date\">\n\t\t\t\t\t\t\t<p>13. Januar 2025<\/p>\n\t\t\t\t\t\t<\/div>\n\t\t\t\t\t\t<div class=\"comments-lovepost\">\n\t\t\t\t\t\t\t<div class=\"comments-count\">\n\t\t\t\t\t\t\t\t<p><i class=\"fa fa-comments-o\"><\/i> 0<\/p>\n\t\t\t\t\t\t\t<\/div>\n\t\t\t\t\t\t<\/div>\n\t\t\t\t\t<\/div>\n\t\t\t\t\t<\/div><\/div><\/div>[vc_btn title=&#8220;ZUM BLOG&#8220; style=&#8220;outline-custom&#8220; outline_custom_color=&#8220;&#8220; outline_custom_hover_background=&#8220;__USE_THEME_MAIN_COLOR__&#8220; outline_custom_hover_text=&#8220;#ffffff&#8220; shape=&#8220;square&#8220; size=&#8220;sm&#8220; align=&#8220;center&#8220; link=&#8220;url:https%3A%2F%2Fwww.talentmensch.coach%2Findex.php%2Fblog-grid-wide%2F|title:Blog&#8220; el_class=&#8220;nav-to&#8220;][\/vc_column][\/vc_row][vc_row][vc_column][vc_column_text]<\/p>\n<h3 style=\"text-align: center;\">Meine Gedanken &#8211; Ein pers\u00f6nlicher Blick auf das Leben und die Selbstreflexion:<\/h3>\n<p style=\"text-align: center;\">Als keine Psychologin, sondern als jemand, der durch Zuh\u00f6ren, Einf\u00fchlen und Reflektieren Erkenntnisse aus dem Leben gewinnt und diese mit seinem Erfahrungsschatz verbindet, m\u00f6chte ich betonen, dass meine Blogbeitr\u00e4ge als Impulsgeber dienen. Sie basieren nicht auf wissenschaftlich fundierten Erkenntnissen, sondern sind meine Gedanken dar\u00fcber, wie ich das Leben verstehe und wie wir uns selbst besser verstehen k\u00f6nnen, angereichert mit Lebensgeschichten von Menschen unterschiedlicher Talente.<\/p>\n<p>[\/vc_column_text][\/vc_column][\/vc_row]<\/p>\n","protected":false},"excerpt":{"rendered":"<p>[vc_row bg_type=&#8220;image&#8220; parallax_style=&#8220;vcpb-default&#8220; bg_image_new=&#8220;id^1120|url^https:\/\/talentmensch.coach\/wp-content\/uploads\/2021\/04\/AdobeStock_294160181_Preview.jpeg|caption^null|alt^null|title^AdobeStock_294160181_Preview|description^null&#8220; bg_image_repeat=&#8220;no-repeat&#8220; bg_override=&#8220;ex-full&#8220; enable_overlay=&#8220;enable_overlay_value&#8220; overlay_color=&#8220;rgba(58,55,55,0.05)&#8220; css=&#8220;.vc_custom_1619768838989{padding-top: 100px !important;padding-bottom: 100px !important;}&#8220;][vc_column css_animation=&#8220;fadeInUp&#8220;][vc_custom_heading text=&#8220;AKTUELLES &amp; NEWS&#8220; font_container=&#8220;tag:h5|text_align:center|color:__USE_THEME_MAIN_COLOR__&#8220; use_theme_fonts=&#8220;yes&#8220; el_class=&#8220;align-center&#8220;][vc_custom_heading text=&#8220;MEIN BLOG&#8220; font_container=&#8220;tag:h2|text_align:center&#8220; use_theme_fonts=&#8220;yes&#8220; el_class=&#8220;align-center&#8220;][vc_empty_space height=&#8220;45px&#8220;][vc_btn title=&#8220;ZUM BLOG&#8220; style=&#8220;outline-custom&#8220; outline_custom_color=&#8220;&#8220; outline_custom_hover_background=&#8220;__USE_THEME_MAIN_COLOR__&#8220; outline_custom_hover_text=&#8220;#ffffff&#8220; shape=&#8220;square&#8220; size=&#8220;sm&#8220; align=&#8220;center&#8220; link=&#8220;url:https%3A%2F%2Fwww.talentmensch.coach%2Findex.php%2Fblog-grid-wide%2F|title:Blog&#8220; el_class=&#8220;nav-to&#8220;][\/vc_column][\/vc_row][vc_row][vc_column][vc_column_text] Meine Gedanken &#8211; Ein pers\u00f6nlicher Blick auf das Leben und die Selbstreflexion: Als keine Psychologin, sondern als jemand, [&hellip;]<\/p>\n","protected":false},"author":1,"featured_media":0,"parent":0,"menu_order":0,"comment_status":"closed","ping_status":"closed","template":"one-page-template.php","meta":{"footnotes":""},"class_list":["post-694","page","type-page","status-publish","hentry"],"yoast_head":"<!-- This site is optimized with the Yoast SEO plugin v27.3 - https:\/\/yoast.com\/product\/yoast-seo-wordpress\/ -->\n<title>Kontakt - Manuela Thie<\/title>\n<meta name=\"robots\" content=\"index, follow, max-snippet:-1, max-image-preview:large, max-video-preview:-1\" \/>\n<link rel=\"canonical\" href=\"https:\/\/www.talentmensch.coach\/\" \/>\n<meta property=\"og:locale\" content=\"de_DE\" \/>\n<meta property=\"og:type\" content=\"article\" \/>\n<meta property=\"og:title\" content=\"Kontakt - Manuela Thie\" \/>\n<meta property=\"og:description\" content=\"[vc_row bg_type=&#8220;image&#8220; parallax_style=&#8220;vcpb-default&#8220; bg_image_new=&#8220;id^1120|url^https:\/\/talentmensch.coach\/wp-content\/uploads\/2021\/04\/AdobeStock_294160181_Preview.jpeg|caption^null|alt^null|title^AdobeStock_294160181_Preview|description^null&#8220; bg_image_repeat=&#8220;no-repeat&#8220; bg_override=&#8220;ex-full&#8220; enable_overlay=&#8220;enable_overlay_value&#8220; overlay_color=&#8220;rgba(58,55,55,0.05)&#8220; css=&#8220;.vc_custom_1619768838989{padding-top: 100px !important;padding-bottom: 100px !important;}&#8220;][vc_column css_animation=&#8220;fadeInUp&#8220;][vc_custom_heading text=&#8220;AKTUELLES &amp; NEWS&#8220; font_container=&#8220;tag:h5|text_align:center|color:__USE_THEME_MAIN_COLOR__&#8220; use_theme_fonts=&#8220;yes&#8220; el_class=&#8220;align-center&#8220;][vc_custom_heading text=&#8220;MEIN BLOG&#8220; font_container=&#8220;tag:h2|text_align:center&#8220; use_theme_fonts=&#8220;yes&#8220; el_class=&#8220;align-center&#8220;][vc_empty_space height=&#8220;45px&#8220;][vc_btn title=&#8220;ZUM BLOG&#8220; style=&#8220;outline-custom&#8220; outline_custom_color=&#8220;&#8220; outline_custom_hover_background=&#8220;__USE_THEME_MAIN_COLOR__&#8220; outline_custom_hover_text=&#8220;#ffffff&#8220; shape=&#8220;square&#8220; size=&#8220;sm&#8220; align=&#8220;center&#8220; link=&#8220;url:https%3A%2F%2Fwww.talentmensch.coach%2Findex.php%2Fblog-grid-wide%2F|title:Blog&#8220; el_class=&#8220;nav-to&#8220;][\/vc_column][\/vc_row][vc_row][vc_column][vc_column_text] Meine Gedanken &#8211; Ein pers\u00f6nlicher Blick auf das Leben und die Selbstreflexion: Als keine Psychologin, sondern als jemand, [&hellip;]\" \/>\n<meta property=\"og:url\" content=\"https:\/\/www.talentmensch.coach\/\" \/>\n<meta property=\"og:site_name\" content=\"Manuela Thie\" \/>\n<meta property=\"article:publisher\" content=\"https:\/\/www.facebook.com\/talentmensch.coach\" \/>\n<meta property=\"article:modified_time\" content=\"2024-03-11T14:37:33+00:00\" \/>\n<meta name=\"twitter:card\" content=\"summary_large_image\" \/>\n<meta name=\"twitter:label1\" content=\"Gesch\u00e4tzte Lesezeit\" \/>\n\t<meta name=\"twitter:data1\" content=\"1\u00a0Minute\" \/>\n<script type=\"application\/ld+json\" class=\"yoast-schema-graph\">{\"@context\":\"https:\\\/\\\/schema.org\",\"@graph\":[{\"@type\":\"WebPage\",\"@id\":\"https:\\\/\\\/www.talentmensch.coach\\\/\",\"url\":\"https:\\\/\\\/www.talentmensch.coach\\\/\",\"name\":\"Kontakt - Manuela Thie\",\"isPartOf\":{\"@id\":\"https:\\\/\\\/www.talentmensch.coach\\\/#website\"},\"datePublished\":\"2020-07-13T14:34:27+00:00\",\"dateModified\":\"2024-03-11T14:37:33+00:00\",\"breadcrumb\":{\"@id\":\"https:\\\/\\\/www.talentmensch.coach\\\/#breadcrumb\"},\"inLanguage\":\"de\",\"potentialAction\":[{\"@type\":\"ReadAction\",\"target\":[\"https:\\\/\\\/www.talentmensch.coach\\\/\"]}]},{\"@type\":\"BreadcrumbList\",\"@id\":\"https:\\\/\\\/www.talentmensch.coach\\\/#breadcrumb\",\"itemListElement\":[{\"@type\":\"ListItem\",\"position\":1,\"name\":\"Startseite\",\"item\":\"https:\\\/\\\/www.talentmensch.coach\\\/\"},{\"@type\":\"ListItem\",\"position\":2,\"name\":\"Kontakt\"}]},{\"@type\":\"WebSite\",\"@id\":\"https:\\\/\\\/www.talentmensch.coach\\\/#website\",\"url\":\"https:\\\/\\\/www.talentmensch.coach\\\/\",\"name\":\"Talent Mensch Manuela Thie\",\"description\":\"Talent Mensch Coaching\",\"publisher\":{\"@id\":\"https:\\\/\\\/www.talentmensch.coach\\\/#organization\"},\"potentialAction\":[{\"@type\":\"SearchAction\",\"target\":{\"@type\":\"EntryPoint\",\"urlTemplate\":\"https:\\\/\\\/www.talentmensch.coach\\\/?s={search_term_string}\"},\"query-input\":{\"@type\":\"PropertyValueSpecification\",\"valueRequired\":true,\"valueName\":\"search_term_string\"}}],\"inLanguage\":\"de\"},{\"@type\":\"Organization\",\"@id\":\"https:\\\/\\\/www.talentmensch.coach\\\/#organization\",\"name\":\"Talent Mensch Manuela Thie\",\"url\":\"https:\\\/\\\/www.talentmensch.coach\\\/\",\"logo\":{\"@type\":\"ImageObject\",\"inLanguage\":\"de\",\"@id\":\"https:\\\/\\\/www.talentmensch.coach\\\/#\\\/schema\\\/logo\\\/image\\\/\",\"url\":\"https:\\\/\\\/www.talentmensch.coach\\\/wp-content\\\/uploads\\\/2021\\\/05\\\/logo_manuela_thie_talentmensch.png\",\"contentUrl\":\"https:\\\/\\\/www.talentmensch.coach\\\/wp-content\\\/uploads\\\/2021\\\/05\\\/logo_manuela_thie_talentmensch.png\",\"width\":890,\"height\":558,\"caption\":\"Talent Mensch Manuela Thie\"},\"image\":{\"@id\":\"https:\\\/\\\/www.talentmensch.coach\\\/#\\\/schema\\\/logo\\\/image\\\/\"},\"sameAs\":[\"https:\\\/\\\/www.facebook.com\\\/talentmensch.coach\",\"https:\\\/\\\/www.instagram.com\\\/talentmensch\\\/\"]}]}<\/script>\n<!-- \/ Yoast SEO plugin. -->","yoast_head_json":{"title":"Kontakt - Manuela Thie","robots":{"index":"index","follow":"follow","max-snippet":"max-snippet:-1","max-image-preview":"max-image-preview:large","max-video-preview":"max-video-preview:-1"},"canonical":"https:\/\/www.talentmensch.coach\/","og_locale":"de_DE","og_type":"article","og_title":"Kontakt - Manuela Thie","og_description":"[vc_row bg_type=&#8220;image&#8220; parallax_style=&#8220;vcpb-default&#8220; bg_image_new=&#8220;id^1120|url^https:\/\/talentmensch.coach\/wp-content\/uploads\/2021\/04\/AdobeStock_294160181_Preview.jpeg|caption^null|alt^null|title^AdobeStock_294160181_Preview|description^null&#8220; bg_image_repeat=&#8220;no-repeat&#8220; bg_override=&#8220;ex-full&#8220; enable_overlay=&#8220;enable_overlay_value&#8220; overlay_color=&#8220;rgba(58,55,55,0.05)&#8220; css=&#8220;.vc_custom_1619768838989{padding-top: 100px !important;padding-bottom: 100px !important;}&#8220;][vc_column css_animation=&#8220;fadeInUp&#8220;][vc_custom_heading text=&#8220;AKTUELLES &amp; NEWS&#8220; font_container=&#8220;tag:h5|text_align:center|color:__USE_THEME_MAIN_COLOR__&#8220; use_theme_fonts=&#8220;yes&#8220; el_class=&#8220;align-center&#8220;][vc_custom_heading text=&#8220;MEIN BLOG&#8220; font_container=&#8220;tag:h2|text_align:center&#8220; use_theme_fonts=&#8220;yes&#8220; el_class=&#8220;align-center&#8220;][vc_empty_space height=&#8220;45px&#8220;][vc_btn title=&#8220;ZUM BLOG&#8220; style=&#8220;outline-custom&#8220; outline_custom_color=&#8220;&#8220; outline_custom_hover_background=&#8220;__USE_THEME_MAIN_COLOR__&#8220; outline_custom_hover_text=&#8220;#ffffff&#8220; shape=&#8220;square&#8220; size=&#8220;sm&#8220; align=&#8220;center&#8220; link=&#8220;url:https%3A%2F%2Fwww.talentmensch.coach%2Findex.php%2Fblog-grid-wide%2F|title:Blog&#8220; el_class=&#8220;nav-to&#8220;][\/vc_column][\/vc_row][vc_row][vc_column][vc_column_text] Meine Gedanken &#8211; Ein pers\u00f6nlicher Blick auf das Leben und die Selbstreflexion: Als keine Psychologin, sondern als jemand, [&hellip;]","og_url":"https:\/\/www.talentmensch.coach\/","og_site_name":"Manuela Thie","article_publisher":"https:\/\/www.facebook.com\/talentmensch.coach","article_modified_time":"2024-03-11T14:37:33+00:00","twitter_card":"summary_large_image","twitter_misc":{"Gesch\u00e4tzte Lesezeit":"1\u00a0Minute"},"schema":{"@context":"https:\/\/schema.org","@graph":[{"@type":"WebPage","@id":"https:\/\/www.talentmensch.coach\/","url":"https:\/\/www.talentmensch.coach\/","name":"Kontakt - Manuela Thie","isPartOf":{"@id":"https:\/\/www.talentmensch.coach\/#website"},"datePublished":"2020-07-13T14:34:27+00:00","dateModified":"2024-03-11T14:37:33+00:00","breadcrumb":{"@id":"https:\/\/www.talentmensch.coach\/#breadcrumb"},"inLanguage":"de","potentialAction":[{"@type":"ReadAction","target":["https:\/\/www.talentmensch.coach\/"]}]},{"@type":"BreadcrumbList","@id":"https:\/\/www.talentmensch.coach\/#breadcrumb","itemListElement":[{"@type":"ListItem","position":1,"name":"Startseite","item":"https:\/\/www.talentmensch.coach\/"},{"@type":"ListItem","position":2,"name":"Kontakt"}]},{"@type":"WebSite","@id":"https:\/\/www.talentmensch.coach\/#website","url":"https:\/\/www.talentmensch.coach\/","name":"Talent Mensch Manuela Thie","description":"Talent Mensch Coaching","publisher":{"@id":"https:\/\/www.talentmensch.coach\/#organization"},"potentialAction":[{"@type":"SearchAction","target":{"@type":"EntryPoint","urlTemplate":"https:\/\/www.talentmensch.coach\/?s={search_term_string}"},"query-input":{"@type":"PropertyValueSpecification","valueRequired":true,"valueName":"search_term_string"}}],"inLanguage":"de"},{"@type":"Organization","@id":"https:\/\/www.talentmensch.coach\/#organization","name":"Talent Mensch Manuela Thie","url":"https:\/\/www.talentmensch.coach\/","logo":{"@type":"ImageObject","inLanguage":"de","@id":"https:\/\/www.talentmensch.coach\/#\/schema\/logo\/image\/","url":"https:\/\/www.talentmensch.coach\/wp-content\/uploads\/2021\/05\/logo_manuela_thie_talentmensch.png","contentUrl":"https:\/\/www.talentmensch.coach\/wp-content\/uploads\/2021\/05\/logo_manuela_thie_talentmensch.png","width":890,"height":558,"caption":"Talent Mensch Manuela Thie"},"image":{"@id":"https:\/\/www.talentmensch.coach\/#\/schema\/logo\/image\/"},"sameAs":["https:\/\/www.facebook.com\/talentmensch.coach","https:\/\/www.instagram.com\/talentmensch\/"]}]}},"_links":{"self":[{"href":"https:\/\/www.talentmensch.coach\/index.php\/wp-json\/wp\/v2\/pages\/694","targetHints":{"allow":["GET"]}}],"collection":[{"href":"https:\/\/www.talentmensch.coach\/index.php\/wp-json\/wp\/v2\/pages"}],"about":[{"href":"https:\/\/www.talentmensch.coach\/index.php\/wp-json\/wp\/v2\/types\/page"}],"author":[{"embeddable":true,"href":"https:\/\/www.talentmensch.coach\/index.php\/wp-json\/wp\/v2\/users\/1"}],"replies":[{"embeddable":true,"href":"https:\/\/www.talentmensch.coach\/index.php\/wp-json\/wp\/v2\/comments?post=694"}],"version-history":[{"count":1,"href":"https:\/\/www.talentmensch.coach\/index.php\/wp-json\/wp\/v2\/pages\/694\/revisions"}],"predecessor-version":[{"id":2670,"href":"https:\/\/www.talentmensch.coach\/index.php\/wp-json\/wp\/v2\/pages\/694\/revisions\/2670"}],"wp:attachment":[{"href":"https:\/\/www.talentmensch.coach\/index.php\/wp-json\/wp\/v2\/media?parent=694"}],"curies":[{"name":"wp","href":"https:\/\/api.w.org\/{rel}","templated":true}]}}